{"id":25393,"date":"2024-01-08T11:35:59","date_gmt":"2024-01-08T11:35:59","guid":{"rendered":"https:\/\/sisilab.it\/smileandride\/?page_id=25393"},"modified":"2026-03-16T16:34:59","modified_gmt":"2026-03-16T16:34:59","slug":"team","status":"publish","type":"page","link":"https:\/\/smileandride.com\/it\/team\/","title":{"rendered":"Team"},"content":{"rendered":"<p>[et_pb_section fb_built=&#8221;1&#8243; _builder_version=&#8221;4.23.1&#8243; _module_preset=&#8221;default&#8221; global_colors_info=&#8221;{}&#8221;][et_pb_row _builder_version=&#8221;4.23.1&#8243; _module_preset=&#8221;default&#8221; global_colors_info=&#8221;{}&#8221;][et_pb_column type=&#8221;4_4&#8243; _builder_version=&#8221;4.23.1&#8243; _module_preset=&#8221;default&#8221; global_colors_info=&#8221;{}&#8221;][et_pb_text _builder_version=&#8221;4.27.5&#8243; _module_preset=&#8221;default&#8221; text_font_size=&#8221;18px&#8221; header_font_size=&#8221;42px&#8221; header_3_font_size=&#8221;24px&#8221; header_font_size_tablet=&#8221;42px&#8221; header_font_size_phone=&#8221;30px&#8221; header_font_size_last_edited=&#8221;on|phone&#8221; header_3_font_size_tablet=&#8221;&#8221; header_3_font_size_phone=&#8221;18px&#8221; header_3_font_size_last_edited=&#8221;on|phone&#8221; global_colors_info=&#8221;{}&#8221;]<\/p>\n<h1 style=\"text-align: left;\"><strong>TEAM<br \/><\/strong><\/h1>\n<p style=\"text-align: left;\"><strong><\/strong><\/p>\n<p style=\"text-align: left;\">Da Smile&amp;Ride la <strong>passione per il cicloturismo<\/strong> si unisce alla scoperta autentica della <strong>Sicilia<\/strong> e della <strong>Toscana<\/strong>.<\/p>\n<p style=\"text-align: left;\">Il progetto \u00e8 nato nel 2017 da Elena e Mario e oggi il nostro team si \u00e8 ampliato per offrirti un&#8217;esperienza ciclistica completa e diversificata. La nostra <strong>ampia gamma<\/strong> di bici a noleggio, ti permetter\u00e0 di <strong>scoprire<\/strong> scenari incantevoli. Che tu sia un ciclista appassionato o un esploratore occasionale, abbiamo la bicicletta perfetta <strong>per soddisfare le tue esigenze.<\/strong><\/p>\n<p style=\"text-align: left;\">Vivi la <strong>Libert\u00e0<\/strong> <strong>e l\u2019Autenticit\u00e0<\/strong> dei nostri <strong>tour<\/strong> <strong>autoguidati<\/strong>, con Itinerari dettagliati pedalerai alla scoperta di paesaggi mozzafiato, per assaporare la vera essenza di questi territori.<\/p>\n<p style=\"text-align: left;\">Se stai cercando un&#8217;esperienza pi\u00f9 approfondita dei luoghi, collaboriamo con le <strong>migliori guide locali<\/strong> che condivideranno con te la ricca storia, la cultura e le <strong>delizie enogastronomiche<\/strong> di queste terre.<\/p>\n<p style=\"text-align: left;\">Con Smile&amp;Ride, il tuo <strong>viaggio in bicicletta<\/strong> non sar\u00e0 solo <strong>un&#8217;escursione<\/strong>, ma un&#8217;avventura che tocca il cuore di ogni localit\u00e0, rendi ogni tua pedalata <strong>un&#8217;esperienza<\/strong> <strong>da<\/strong> <strong>ricordare.<\/strong><\/p>\n<p style=\"text-align: left;\"><strong>Esplora, Pedala, Sorridi !<\/strong><\/p>\n<p style=\"text-align: left;\">Contattaci per ulteriori informazioni e inizia a pianificare il tuo viaggio con noi.<\/p>\n<p>[\/et_pb_text][et_pb_image src=&#8221;https:\/\/smileandride.com\/wp-content\/uploads\/2025\/11\/WhatsApp-Image-2025-11-03-at-16.15.23-e1762361658531.jpeg&#8221; title_text=&#8221;WhatsApp Image 2025-11-03 at 16.15.23&#8243; align=&#8221;center&#8221; _builder_version=&#8221;4.27.4&#8243; _module_preset=&#8221;default&#8221; global_colors_info=&#8221;{}&#8221;][\/et_pb_image][\/et_pb_column][\/et_pb_row][et_pb_row _builder_version=&#8221;4.23.1&#8243; _module_preset=&#8221;default&#8221; global_colors_info=&#8221;{}&#8221;][et_pb_column type=&#8221;4_4&#8243; _builder_version=&#8221;4.23.1&#8243; _module_preset=&#8221;default&#8221; global_colors_info=&#8221;{}&#8221;][et_pb_text _builder_version=&#8221;4.23.1&#8243; _module_preset=&#8221;default&#8221; header_font_size=&#8221;42px&#8221; header_2_font_size=&#8221;18px&#8221; header_font_size_tablet=&#8221;42px&#8221; header_font_size_phone=&#8221;30px&#8221; header_font_size_last_edited=&#8221;on|phone&#8221; global_colors_info=&#8221;{}&#8221;]<\/p>\n<h1 style=\"text-align: center;\"><strong>VIENI A CONOSCERE IL TEAM!<\/strong><\/h1>\n<h2 style=\"text-align: center;\">La nostra missione \u00e8 offrire esperienze autentiche ed ecosostenibili in bicicletta, lontane dai flussi turistici tradizionali, nelle meravigliose terre della Sicilia e della Toscana.<\/h2>\n<p><span><\/span><\/p>\n<p>[\/et_pb_text][\/et_pb_column][\/et_pb_row][et_pb_row _builder_version=&#8221;4.27.5&#8243; _module_preset=&#8221;default&#8221; global_colors_info=&#8221;{}&#8221;][et_pb_column type=&#8221;4_4&#8243; _builder_version=&#8221;4.23.1&#8243; _module_preset=&#8221;default&#8221; global_colors_info=&#8221;{}&#8221;][dipl_team_grid posts_number=&#8221;3&#8243; include_categories=&#8221;116&#8243; show_designation=&#8221;off&#8221; show_short_desc=&#8221;off&#8221; show_social_icon=&#8221;off&#8221; image_size=&#8221;large&#8221; onclick_trigger=&#8221;open_popup&#8221; select_layout=&#8221;layout2&#8243; number_of_columns=&#8221;3&#8243; number_of_columns_tablet=&#8221;&#8221; number_of_columns_phone=&#8221;1&#8243; number_of_columns_last_edited=&#8221;on|phone&#8221; _builder_version=&#8221;4.27.5&#8243; _module_preset=&#8221;default&#8221; name_text_align=&#8221;center&#8221; border_radii_team_member_border=&#8221;on|50px|50px|50px|50px&#8221; border_radii_team_member_image_border=&#8221;on|50%|50%|50%|50%&#8221; global_colors_info=&#8221;{}&#8221;][\/dipl_team_grid][\/et_pb_column][\/et_pb_row][et_pb_row column_structure=&#8221;1_2,1_2&#8243; _builder_version=&#8221;4.23.1&#8243; _module_preset=&#8221;default&#8221; custom_margin=&#8221;|auto|20px|auto||&#8221; global_colors_info=&#8221;{}&#8221;][et_pb_column type=&#8221;1_2&#8243; _builder_version=&#8221;4.23.1&#8243; _module_preset=&#8221;default&#8221; global_colors_info=&#8221;{}&#8221;][et_pb_image src=&#8221;https:\/\/smileandride.com\/wp-content\/uploads\/2024\/01\/smile-and-ride-1.jpg&#8221; title_text=&#8221;smile and ride 1&#8243; _builder_version=&#8221;4.27.4&#8243; _module_preset=&#8221;default&#8221; border_radii=&#8221;on|2888px|2888px|2888px|2888px&#8221; global_colors_info=&#8221;{}&#8221;][\/et_pb_image][\/et_pb_column][et_pb_column type=&#8221;1_2&#8243; _builder_version=&#8221;4.23.1&#8243; _module_preset=&#8221;default&#8221; global_colors_info=&#8221;{}&#8221;][et_pb_text _builder_version=&#8221;4.27.4&#8243; _module_preset=&#8221;default&#8221; text_font_size=&#8221;17px&#8221; header_font_size=&#8221;42px&#8221; global_colors_info=&#8221;{}&#8221;]<\/p>\n<h1 style=\"text-align: left;\"><strong>ELENA<\/strong><\/h1>\n<h2>Per me la bici \u00e8 libert\u00e0 e felicit\u00e0.<\/h2>\n<p>Ciao! Mi chiamo Elena e vivo tra la Toscana e la Sicilia, due terre meravigliose che amo esplorare in bicicletta. La mia passione per la bici e il cicloturismo \u00e8 diventata una professione dopo aver completato il corso di &#8220;Esperto Promotore della Mobilit\u00e0 Ciclistica&#8221; presso l&#8217;Universit\u00e0 di Verona. Sono innamorata della storia, dell&#8217;arte e della gastronomia dei luoghi che attraverso in sella alla mia bici.<br \/>\nMi piace condividere questa passione con voi, accompagnandovi alla scoperta dei miei angoli preferiti. Che siate in cerca di avventure mozzafiato in montagna, tour culturali nelle citt\u00e0 o esperienze rilassanti lungo le coste, sono qui per aiutarvi a pianificare un viaggio indimenticabile\u2014sempre con un sorriso!<br \/>\nTra le mie esperienze pi\u00f9 interessanti c&#8217;\u00e8 stata l&#8217;organizzazione del &#8220;Fancy Women Bike Ride&#8221; a Pisa, un evento internazionale dedicato a sensibilizzare le amministrazioni locali sull&#8217;importanza di spazi sicuri e sostenibili nelle citt\u00e0, oltre a promuovere la visibilit\u00e0 e l&#8217;empowerment delle donne. Anche se questo movimento ha svolto il suo ciclo, continuo a portare avanti altre iniziative che incoraggino sempre pi\u00f9 donne a salire in sella. Non vedo l&#8217;ora di farvi innamorare dei territori che scoprirete pedalando insieme a me. La bici non \u00e8 solo un mezzo di trasporto, ma un modo per vivere appieno ogni luogo, un viaggio nel viaggio. Pronti a partire?<br \/>\nCi vediamo presto![\/et_pb_text][\/et_pb_column][\/et_pb_row][et_pb_row column_structure=&#8221;1_2,1_2&#8243; disabled_on=&#8221;on|on|off&#8221; _builder_version=&#8221;4.25.1&#8243; _module_preset=&#8221;default&#8221; global_colors_info=&#8221;{}&#8221;][et_pb_column type=&#8221;1_2&#8243; _builder_version=&#8221;4.23.1&#8243; _module_preset=&#8221;default&#8221; global_colors_info=&#8221;{}&#8221;][et_pb_text _builder_version=&#8221;4.27.5&#8243; _module_preset=&#8221;default&#8221; text_font_size=&#8221;17px&#8221; header_font_size=&#8221;42px&#8221; global_colors_info=&#8221;{}&#8221;]<\/p>\n<h1 style=\"text-align: left;\"><strong>MARIO<\/strong><\/h1>\n<h2 style=\"text-align: left;\">Per me la bici \u00e8 voglia di farsi trasportare per esplorare luoghi vicini e lontani.<\/h2>\n<p>Ciao a tutti! Sono Mario, un appassionato di sport e viaggi, e sono qui per condividere con voi la mia passione per la bicicletta e le avventure cicloturistiche.Ho da sempre coltivato la voglia di esplorare nuovi luoghi e la bicicletta \u00e8 diventata il mezzo ideale per soddisfare il desiderio d\u2019avventura. Insieme ai miei amici, i &#8220;Ciclomacchinisti&#8221;, abbiamo attraversato l&#8217;Europa in lungo e in largo, pedalando verso luoghi incredibili. Attraverso l&#8217;iniziativa &#8220;PedalaPerUnRespiro\u201d abbiamo deciso di trasformare le nostre avventure in qualcosa di pi\u00f9 significativo impegnandoci a raccogliere dei fondi per sostenere i bambini affetti da fibrosi cistica e a contribuire alla ricerca su questa malattia. Attualmente, sono coinvolto in un nuovo progetto per la realizzazione di una Greenway in Sicilia, un percorso ciclabile immerso nella natura, che permetter\u00e0 a ciclisti di ogni livello di godere delle meraviglie di questa splendida isola!Sono qui per condividere con voi le mie conoscenze cicloturistiche, per darvi consigli su percorsi, equipaggiamento e tutto ci\u00f2 che riguarda il mondo del ciclismo.<br \/>Siete pronti?<br \/>Preparatevi a scoprire nuovi orizzonti e a vivere avventure indimenticabili in sella alla vostra bicicletta.<\/p>\n<p>[\/et_pb_text][\/et_pb_column][et_pb_column type=&#8221;1_2&#8243; _builder_version=&#8221;4.23.1&#8243; _module_preset=&#8221;default&#8221; global_colors_info=&#8221;{}&#8221;][et_pb_image src=&#8221;https:\/\/smileandride.com\/wp-content\/uploads\/2024\/01\/smile-and-ride-4.jpg&#8221; title_text=&#8221;smile and ride 4&#8243; disabled_on=&#8221;off|off|off&#8221; _builder_version=&#8221;4.27.4&#8243; _module_preset=&#8221;default&#8221; custom_padding=&#8221;||||false|false&#8221; border_radii=&#8221;on|3814px|3814px|3814px|3814px&#8221; global_colors_info=&#8221;{}&#8221;][\/et_pb_image][\/et_pb_column][\/et_pb_row][et_pb_row column_structure=&#8221;1_2,1_2&#8243; disabled_on=&#8221;off|off|on&#8221; _builder_version=&#8221;4.25.1&#8243; _module_preset=&#8221;default&#8221; global_colors_info=&#8221;{}&#8221;][et_pb_column type=&#8221;1_2&#8243; _builder_version=&#8221;4.23.1&#8243; _module_preset=&#8221;default&#8221; global_colors_info=&#8221;{}&#8221;][et_pb_image src=&#8221;https:\/\/smileandride.com\/wp-content\/uploads\/2024\/01\/smile-and-ride-4.jpg&#8221; title_text=&#8221;smile and ride 4&#8243; disabled_on=&#8221;off|off|off&#8221; _builder_version=&#8221;4.27.4&#8243; _module_preset=&#8221;default&#8221; custom_padding=&#8221;||||false|false&#8221; border_radii=&#8221;on|1744px|1744px|1744px|1744px&#8221; global_colors_info=&#8221;{}&#8221;][\/et_pb_image][\/et_pb_column][et_pb_column type=&#8221;1_2&#8243; _builder_version=&#8221;4.23.1&#8243; _module_preset=&#8221;default&#8221; global_colors_info=&#8221;{}&#8221;][et_pb_text _builder_version=&#8221;4.27.5&#8243; _module_preset=&#8221;default&#8221; text_font_size=&#8221;17px&#8221; header_font_size=&#8221;42px&#8221; global_colors_info=&#8221;{}&#8221;]<\/p>\n<h1 style=\"text-align: left;\"><strong>MARIO<\/strong><\/h1>\n<h2 style=\"text-align: left;\">Per me la bici \u00e8 voglia di farsi trasportare per esplorare luoghi vicini e lontani.<\/h2>\n<p>Ciao a tutti! Sono Mario, un appassionato di sport e viaggi, e sono qui per condividere con voi la mia passione per la bicicletta e le avventure cicloturistiche.Ho da sempre coltivato la voglia di esplorare nuovi luoghi e la bicicletta \u00e8 diventata il mezzo ideale per soddisfare il desiderio d\u2019avventura. Insieme ai miei amici, i &#8220;Ciclomacchinisti&#8221;, abbiamo attraversato l&#8217;Europa in lungo e in largo, pedalando verso luoghi incredibili. Attraverso l&#8217;iniziativa &#8220;PedalaPerUnRespiro\u201d abbiamo deciso di trasformare le nostre avventure in qualcosa di pi\u00f9 significativo impegnandoci a raccogliere dei fondi per sostenere i bambini affetti da fibrosi cistica e a contribuire alla ricerca su questa malattia. Attualmente, sono coinvolto in un nuovo progetto per la realizzazione di una Greenway in Sicilia, un percorso ciclabile immerso nella natura, che permetter\u00e0 a ciclisti di ogni livello di godere delle meraviglie di questa splendida isola!Sono qui per condividere con voi le mie conoscenze cicloturistiche, per darvi consigli su percorsi, equipaggiamento e tutto ci\u00f2 che riguarda il mondo del ciclismo.<br \/>Siete pronti?<br \/>Preparatevi a scoprire nuovi orizzonti e a vivere avventure indimenticabili in sella alla vostra bicicletta.<\/p>\n<p>[\/et_pb_text][\/et_pb_column][\/et_pb_row][\/et_pb_section]<\/p>\n","protected":false},"excerpt":{"rendered":"<p>TEAM Da Smile&amp;Ride la passione per il cicloturismo si unisce alla scoperta autentica della Sicilia e della Toscana. Il progetto \u00e8 nato nel 2017 da Elena e Mario e oggi il nostro team si \u00e8 ampliato per offrirti un&#8217;esperienza ciclistica completa e diversificata. La nostra ampia gamma di bici a noleggio, ti permetter\u00e0 di scoprire [&hellip;]<\/p>\n","protected":false},"author":1,"featured_media":25423,"parent":0,"menu_order":0,"comment_status":"closed","ping_status":"closed","template":"","meta":{"_acf_changed":false,"_et_pb_use_builder":"on","_et_pb_old_content":"","_et_gb_content_width":"","footnotes":""},"class_list":["post-25393","page","type-page","status-publish","has-post-thumbnail","hentry"],"acf":[],"_links":{"self":[{"href":"https:\/\/smileandride.com\/it\/wp-json\/wp\/v2\/pages\/25393","targetHints":{"allow":["GET"]}}],"collection":[{"href":"https:\/\/smileandride.com\/it\/wp-json\/wp\/v2\/pages"}],"about":[{"href":"https:\/\/smileandride.com\/it\/wp-json\/wp\/v2\/types\/page"}],"author":[{"embeddable":true,"href":"https:\/\/smileandride.com\/it\/wp-json\/wp\/v2\/users\/1"}],"replies":[{"embeddable":true,"href":"https:\/\/smileandride.com\/it\/wp-json\/wp\/v2\/comments?post=25393"}],"version-history":[{"count":45,"href":"https:\/\/smileandride.com\/it\/wp-json\/wp\/v2\/pages\/25393\/revisions"}],"predecessor-version":[{"id":72645,"href":"https:\/\/smileandride.com\/it\/wp-json\/wp\/v2\/pages\/25393\/revisions\/72645"}],"wp:featuredmedia":[{"embeddable":true,"href":"https:\/\/smileandride.com\/it\/wp-json\/wp\/v2\/media\/25423"}],"wp:attachment":[{"href":"https:\/\/smileandride.com\/it\/wp-json\/wp\/v2\/media?parent=25393"}],"curies":[{"name":"wp","href":"https:\/\/api.w.org\/{rel}","templated":true}]}}